{"id":57,"date":"2017-03-28T14:05:53","date_gmt":"2017-03-28T12:05:53","guid":{"rendered":"http:\/\/www.suc-ag.ch:81\/?page_id=57"},"modified":"2020-10-06T08:56:14","modified_gmt":"2020-10-06T06:56:14","slug":"steuern","status":"publish","type":"page","link":"https:\/\/www.suc-ag.ch\/index.php\/steuern\/","title":{"rendered":"Steuern"},"content":{"rendered":"<ul>\n<li>Steuererkl\u00e4rungen f\u00fcr juristische und nat\u00fcrliche Personen<\/li>\n<li>Mehrwertsteuerabrechnungen<br \/>\n<h3><img loading=\"lazy\" decoding=\"async\" class=\"wp-image-472 size-full alignright\" src=\"https:\/\/www.suc-ag.ch\/wp-content\/uploads\/2018\/01\/Idee_2-e1515505460862.jpg\" alt=\"\" width=\"200\" height=\"73\" \/><\/h3>\n<\/li>\n<\/ul>\n","protected":false},"excerpt":{"rendered":"<p>Steuererkl\u00e4rungen f\u00fcr juristische und nat\u00fcrliche Personen Mehrwertsteuerabrechnungen<\/p>\n","protected":false},"author":1,"featured_media":0,"parent":0,"menu_order":0,"comment_status":"closed","ping_status":"closed","template":"","meta":{"footnotes":""},"class_list":["post-57","page","type-page","status-publish","hentry"],"_links":{"self":[{"href":"https:\/\/www.suc-ag.ch\/index.php\/wp-json\/wp\/v2\/pages\/57","targetHints":{"allow":["GET"]}}],"collection":[{"href":"https:\/\/www.suc-ag.ch\/index.php\/wp-json\/wp\/v2\/pages"}],"about":[{"href":"https:\/\/www.suc-ag.ch\/index.php\/wp-json\/wp\/v2\/types\/page"}],"author":[{"embeddable":true,"href":"https:\/\/www.suc-ag.ch\/index.php\/wp-json\/wp\/v2\/users\/1"}],"replies":[{"embeddable":true,"href":"https:\/\/www.suc-ag.ch\/index.php\/wp-json\/wp\/v2\/comments?post=57"}],"version-history":[{"count":7,"href":"https:\/\/www.suc-ag.ch\/index.php\/wp-json\/wp\/v2\/pages\/57\/revisions"}],"predecessor-version":[{"id":533,"href":"https:\/\/www.suc-ag.ch\/index.php\/wp-json\/wp\/v2\/pages\/57\/revisions\/533"}],"wp:attachment":[{"href":"https:\/\/www.suc-ag.ch\/index.php\/wp-json\/wp\/v2\/media?parent=57"}],"curies":[{"name":"wp","href":"https:\/\/api.w.org\/{rel}","templated":true}]}}