{"id":320,"date":"2017-08-08T15:33:46","date_gmt":"2017-08-08T13:33:46","guid":{"rendered":"http:\/\/www.suc-ag.ch\/?page_id=320"},"modified":"2020-10-06T08:57:20","modified_gmt":"2020-10-06T06:57:20","slug":"absenzen","status":"publish","type":"page","link":"https:\/\/www.suc-ag.ch\/index.php\/absenzen\/","title":{"rendered":"Absenzen"},"content":{"rendered":"<ul>\n<li>Verwaltung aller Absenzen: der Mitarbeiter beantragt die Abwesenheit, der\u00a0Vorgesetzter kann diese bewilligen oder ablehnen.<\/li>\n<li>Der Team-Chef\u00a0 hat die \u00dcbersicht \u00fcber alle Abwesenheiten seines Teams.<\/li>\n<li>\u00dcberf\u00fchrung der Ferienbez\u00fcge in PORTOS-Lohn.<\/li>\n<\/ul>\n<h3><img loading=\"lazy\" decoding=\"async\" class=\"wp-image-472 size-full alignright\" src=\"https:\/\/www.suc-ag.ch\/wp-content\/uploads\/2018\/01\/Idee_2-e1515505460862.jpg\" alt=\"\" width=\"200\" height=\"73\" \/><\/h3>\n","protected":false},"excerpt":{"rendered":"<p>Verwaltung aller Absenzen: der Mitarbeiter beantragt die Abwesenheit, der\u00a0Vorgesetzter kann diese bewilligen oder ablehnen. Der Team-Chef\u00a0 hat die \u00dcbersicht \u00fcber alle Abwesenheiten seines Teams. \u00dcberf\u00fchrung der Ferienbez\u00fcge in PORTOS-Lohn.<\/p>\n","protected":false},"author":1,"featured_media":0,"parent":0,"menu_order":0,"comment_status":"closed","ping_status":"closed","template":"","meta":{"footnotes":""},"class_list":["post-320","page","type-page","status-publish","hentry"],"_links":{"self":[{"href":"https:\/\/www.suc-ag.ch\/index.php\/wp-json\/wp\/v2\/pages\/320","targetHints":{"allow":["GET"]}}],"collection":[{"href":"https:\/\/www.suc-ag.ch\/index.php\/wp-json\/wp\/v2\/pages"}],"about":[{"href":"https:\/\/www.suc-ag.ch\/index.php\/wp-json\/wp\/v2\/types\/page"}],"author":[{"embeddable":true,"href":"https:\/\/www.suc-ag.ch\/index.php\/wp-json\/wp\/v2\/users\/1"}],"replies":[{"embeddable":true,"href":"https:\/\/www.suc-ag.ch\/index.php\/wp-json\/wp\/v2\/comments?post=320"}],"version-history":[{"count":7,"href":"https:\/\/www.suc-ag.ch\/index.php\/wp-json\/wp\/v2\/pages\/320\/revisions"}],"predecessor-version":[{"id":535,"href":"https:\/\/www.suc-ag.ch\/index.php\/wp-json\/wp\/v2\/pages\/320\/revisions\/535"}],"wp:attachment":[{"href":"https:\/\/www.suc-ag.ch\/index.php\/wp-json\/wp\/v2\/media?parent=320"}],"curies":[{"name":"wp","href":"https:\/\/api.w.org\/{rel}","templated":true}]}}