{"id":23,"date":"2017-03-28T13:49:15","date_gmt":"2017-03-28T11:49:15","guid":{"rendered":"http:\/\/www.suc-ag.ch:81\/?page_id=23"},"modified":"2020-10-06T08:49:28","modified_gmt":"2020-10-06T06:49:28","slug":"firma","status":"publish","type":"page","link":"https:\/\/www.suc-ag.ch\/index.php\/firma\/","title":{"rendered":"Firma"},"content":{"rendered":"<p>Die Gesellschaft wurde im August 1978 durch den jetzigen Firmeninhaber, Kurt Schmutz, gegr\u00fcndet.<\/p>\n<p>W\u00e4hrend \u00fcber drei Jahrzehnten entwickelte die Firma Software-L\u00f6sungen im Werbebereich.<\/p>\n<p>Seit Januar 2017 bietet sie diverse <a href=\"http:\/\/www.suc-ag.ch\/index.php\/dienstleistungen\/\">Dienstleistungen<\/a> an.<\/p>\n<h3><img loading=\"lazy\" decoding=\"async\" class=\"wp-image-472 size-full alignright\" src=\"https:\/\/www.suc-ag.ch\/wp-content\/uploads\/2018\/01\/Idee_2-e1515505460862.jpg\" alt=\"\" width=\"200\" height=\"73\" \/><\/h3>\n","protected":false},"excerpt":{"rendered":"<p>Die Gesellschaft wurde im August 1978 durch den jetzigen Firmeninhaber, Kurt Schmutz, gegr\u00fcndet. W\u00e4hrend \u00fcber drei Jahrzehnten entwickelte die Firma Software-L\u00f6sungen im Werbebereich. Seit Januar 2017 bietet sie diverse Dienstleistungen an.<\/p>\n","protected":false},"author":1,"featured_media":0,"parent":0,"menu_order":0,"comment_status":"closed","ping_status":"closed","template":"","meta":{"footnotes":""},"class_list":["post-23","page","type-page","status-publish","hentry"],"_links":{"self":[{"href":"https:\/\/www.suc-ag.ch\/index.php\/wp-json\/wp\/v2\/pages\/23","targetHints":{"allow":["GET"]}}],"collection":[{"href":"https:\/\/www.suc-ag.ch\/index.php\/wp-json\/wp\/v2\/pages"}],"about":[{"href":"https:\/\/www.suc-ag.ch\/index.php\/wp-json\/wp\/v2\/types\/page"}],"author":[{"embeddable":true,"href":"https:\/\/www.suc-ag.ch\/index.php\/wp-json\/wp\/v2\/users\/1"}],"replies":[{"embeddable":true,"href":"https:\/\/www.suc-ag.ch\/index.php\/wp-json\/wp\/v2\/comments?post=23"}],"version-history":[{"count":10,"href":"https:\/\/www.suc-ag.ch\/index.php\/wp-json\/wp\/v2\/pages\/23\/revisions"}],"predecessor-version":[{"id":523,"href":"https:\/\/www.suc-ag.ch\/index.php\/wp-json\/wp\/v2\/pages\/23\/revisions\/523"}],"wp:attachment":[{"href":"https:\/\/www.suc-ag.ch\/index.php\/wp-json\/wp\/v2\/media?parent=23"}],"curies":[{"name":"wp","href":"https:\/\/api.w.org\/{rel}","templated":true}]}}