{"id":198,"date":"2017-07-04T15:28:39","date_gmt":"2017-07-04T13:28:39","guid":{"rendered":"http:\/\/www.suc-ag.ch:81\/?page_id=198"},"modified":"2018-01-09T15:09:14","modified_gmt":"2018-01-09T14:09:14","slug":"leitbild","status":"publish","type":"page","link":"https:\/\/www.suc-ag.ch\/index.php\/leitbild\/","title":{"rendered":"Leitbild"},"content":{"rendered":"<p><strong>Vertrauen und Kompetenz<\/strong><\/p>\n<p>sind f\u00fcr uns keine Schlagworte, sondern gelebter Alltag!<\/p>\n<p>Gesp\u00fcr und Einf\u00fchlungsverm\u00f6gen f\u00fcr die pers\u00f6nlichen Bed\u00fcrfnisse und W\u00fcnsche unserer Kunden sind die Basis unserer T\u00e4tigkeit. Seit der Gr\u00fcndung der S+C Unternehmensberatung AG vor bald 40 Jahren sind die Beziehungen zwischen unseren Kunden und uns durch pers\u00f6nliches Vertrauen und Kontinuit\u00e4t gepr\u00e4gt.<\/p>\n<h3><img loading=\"lazy\" decoding=\"async\" class=\"size-full wp-image-472 alignright\" src=\"http:\/\/www.suc-ag.ch\/wp-content\/uploads\/2018\/01\/Idee_2-e1515505460862.jpg\" alt=\"\" width=\"200\" height=\"73\" \/><\/h3>\n<p><a href=\"http:\/\/www.suc-ag.ch\/\">\u00a0<\/a><\/p>\n","protected":false},"excerpt":{"rendered":"<p>Vertrauen und Kompetenz sind f\u00fcr uns keine Schlagworte, sondern gelebter Alltag! Gesp\u00fcr und Einf\u00fchlungsverm\u00f6gen f\u00fcr die pers\u00f6nlichen Bed\u00fcrfnisse und W\u00fcnsche unserer Kunden sind die Basis unserer T\u00e4tigkeit. Seit der Gr\u00fcndung der S+C Unternehmensberatung AG vor bald 40 Jahren sind die<\/p>\n","protected":false},"author":1,"featured_media":0,"parent":0,"menu_order":0,"comment_status":"closed","ping_status":"closed","template":"","meta":{"footnotes":""},"class_list":["post-198","page","type-page","status-publish","hentry"],"_links":{"self":[{"href":"https:\/\/www.suc-ag.ch\/index.php\/wp-json\/wp\/v2\/pages\/198","targetHints":{"allow":["GET"]}}],"collection":[{"href":"https:\/\/www.suc-ag.ch\/index.php\/wp-json\/wp\/v2\/pages"}],"about":[{"href":"https:\/\/www.suc-ag.ch\/index.php\/wp-json\/wp\/v2\/types\/page"}],"author":[{"embeddable":true,"href":"https:\/\/www.suc-ag.ch\/index.php\/wp-json\/wp\/v2\/users\/1"}],"replies":[{"embeddable":true,"href":"https:\/\/www.suc-ag.ch\/index.php\/wp-json\/wp\/v2\/comments?post=198"}],"version-history":[{"count":6,"href":"https:\/\/www.suc-ag.ch\/index.php\/wp-json\/wp\/v2\/pages\/198\/revisions"}],"predecessor-version":[{"id":485,"href":"https:\/\/www.suc-ag.ch\/index.php\/wp-json\/wp\/v2\/pages\/198\/revisions\/485"}],"wp:attachment":[{"href":"https:\/\/www.suc-ag.ch\/index.php\/wp-json\/wp\/v2\/media?parent=198"}],"curies":[{"name":"wp","href":"https:\/\/api.w.org\/{rel}","templated":true}]}}