{"id":169,"date":"2017-07-04T11:25:54","date_gmt":"2017-07-04T09:25:54","guid":{"rendered":"http:\/\/www.suc-ag.ch:81\/?page_id=169"},"modified":"2020-10-06T08:55:20","modified_gmt":"2020-10-06T06:55:20","slug":"rechtsberatung","status":"publish","type":"page","link":"https:\/\/www.suc-ag.ch\/index.php\/rechtsberatung\/","title":{"rendered":"Rechtsberatung"},"content":{"rendered":"<p>Als Rechtsberatung mit fundiertem fachlichen Wissen beraten wir Sie kompetent und zuverl\u00e4ssig in folgenden Fachbereichen.<\/p>\n<div id=\"ja-wrapper\">\n<div id=\"ja-container\" class=\"wrap ja-l1\">\n<div class=\"main clearfix\">\n<div id=\"ja-mainbody\">\n<div id=\"ja-main\">\n<div class=\"inner clearfix\">\n<div id=\"ja-contentwrap\" class=\"clearfix \">\n<div id=\"ja-content\" class=\"column\">\n<div id=\"ja-current-content\" class=\"column\">\n<div id=\"ja-content-main\" class=\"ja-content-main clearfix\">\n<div class=\"blog\">\n<div class=\"items-leading clearfix\">\n<div class=\"leading leading-0\">\n<p><strong>Ehe- und Erbrecht<\/strong><\/p>\n<ul>\n<li>Ausarbeitung von Ehevertr\u00e4gen und g\u00fcterrechtlichen Auseinandersetzungen<\/li>\n<li>Nachlassregelungen, wie z.B. Aufsetzen von Testamenten, Erbvertr\u00e4gen, usw.<\/li>\n<li>Willens- und Testamentsvollstreckungen, Erbschaftsverwaltungen und Nachlassteilungen<\/li>\n<li>Interessenwahrung in Erbschaftsangelegenheiten<\/li>\n<\/ul>\n<p><b>Kindes- und Erwachsenenschutzrecht<\/b><\/p>\n<div id=\"ja-wrapper\">\n<div id=\"ja-container\" class=\"wrap ja-l1\">\n<div class=\"main clearfix\">\n<div id=\"ja-mainbody\">\n<div id=\"ja-main\">\n<div class=\"inner clearfix\">\n<div id=\"ja-contentwrap\" class=\"clearfix \">\n<div id=\"ja-content\" class=\"column\">\n<div id=\"ja-current-content\" class=\"column\">\n<div id=\"ja-content-main\" class=\"ja-content-main clearfix\">\n<div class=\"blog\">\n<div class=\"items-leading clearfix\">\n<div class=\"leading leading-0\">\n<ul>\n<li>Mandate im Kindes- und Erwachsenenschutz (KESB)<\/li>\n<li>Vorsorgeauftr\u00e4ge<\/li>\n<li>Patientenverf\u00fcgungen<\/li>\n<\/ul>\n<\/div>\n<\/div>\n<\/div>\n<\/div>\n<\/div>\n<\/div>\n<\/div>\n<\/div>\n<\/div>\n<\/div>\n<\/div>\n<\/div>\n<\/div>\n<p><strong>Vertragsrecht<\/strong><\/p>\n<p>Beratung und Begleitung beim Vertragsschluss; Ausarbeitung von Kauf- und Kaufrechtsvertr\u00e4gen, Werkvertr\u00e4gen, Mietvertr\u00e4gen, Kredit- und Leasingvertr\u00e4gen usw.<\/p>\n<p><strong>Immobilienrecht<\/strong><\/p>\n<p>Beratung und Begleitung (inkl. Erstellung der Dokumente) bei Grundst\u00fccksgesch\u00e4ften, z.B.:<\/p>\n<ul>\n<li>Grundst\u00fccksverk\u00e4ufe<\/li>\n<li>Begr\u00fcndung von Stockwerkeigentum<\/li>\n<li>Dienstbarkeiten usw.<\/li>\n<\/ul>\n<p><strong>Gesellschaftsrecht<\/strong><\/p>\n<p>Beratung und Begleitung bei<\/p>\n<ul>\n<li>Gr\u00fcndungen von Aktien-, Kollektiv- und Kommanditgesellschaften, GmbH, Genossenschaften, Vereinen<\/li>\n<li>Statuten\u00e4nderungen<\/li>\n<li>Kapitalerh\u00f6hungen und -Herabsetzungen, Fusionen und Spaltungen<\/li>\n<\/ul>\n<p>inkl. Erstellung s\u00e4mtlicher Dokumente<\/p>\n<h3><img loading=\"lazy\" decoding=\"async\" class=\"wp-image-472 size-full alignright\" src=\"https:\/\/www.suc-ag.ch\/wp-content\/uploads\/2018\/01\/Idee_2-e1515505460862.jpg\" alt=\"\" width=\"200\" height=\"73\" \/><\/h3>\n<\/div>\n<\/div>\n<\/div>\n<\/div>\n<\/div>\n<\/div>\n<\/div>\n<\/div>\n<\/div>\n<\/div>\n<\/div>\n<\/div>\n<\/div>\n","protected":false},"excerpt":{"rendered":"<p>Als Rechtsberatung mit fundiertem fachlichen Wissen beraten wir Sie kompetent und zuverl\u00e4ssig in folgenden Fachbereichen. Ehe- und Erbrecht Ausarbeitung von Ehevertr\u00e4gen und g\u00fcterrechtlichen Auseinandersetzungen Nachlassregelungen, wie z.B. Aufsetzen von Testamenten, Erbvertr\u00e4gen, usw. Willens- und Testamentsvollstreckungen, Erbschaftsverwaltungen und Nachlassteilungen Interessenwahrung in<\/p>\n","protected":false},"author":1,"featured_media":0,"parent":0,"menu_order":0,"comment_status":"closed","ping_status":"closed","template":"","meta":{"footnotes":""},"class_list":["post-169","page","type-page","status-publish","hentry"],"_links":{"self":[{"href":"https:\/\/www.suc-ag.ch\/index.php\/wp-json\/wp\/v2\/pages\/169","targetHints":{"allow":["GET"]}}],"collection":[{"href":"https:\/\/www.suc-ag.ch\/index.php\/wp-json\/wp\/v2\/pages"}],"about":[{"href":"https:\/\/www.suc-ag.ch\/index.php\/wp-json\/wp\/v2\/types\/page"}],"author":[{"embeddable":true,"href":"https:\/\/www.suc-ag.ch\/index.php\/wp-json\/wp\/v2\/users\/1"}],"replies":[{"embeddable":true,"href":"https:\/\/www.suc-ag.ch\/index.php\/wp-json\/wp\/v2\/comments?post=169"}],"version-history":[{"count":10,"href":"https:\/\/www.suc-ag.ch\/index.php\/wp-json\/wp\/v2\/pages\/169\/revisions"}],"predecessor-version":[{"id":531,"href":"https:\/\/www.suc-ag.ch\/index.php\/wp-json\/wp\/v2\/pages\/169\/revisions\/531"}],"wp:attachment":[{"href":"https:\/\/www.suc-ag.ch\/index.php\/wp-json\/wp\/v2\/media?parent=169"}],"curies":[{"name":"wp","href":"https:\/\/api.w.org\/{rel}","templated":true}]}}